{"id":21,"date":"2025-03-12T16:22:35","date_gmt":"2025-03-12T15:22:35","guid":{"rendered":"http:\/\/troisdeuxun.fr\/?page_id=21"},"modified":"2025-03-25T18:24:34","modified_gmt":"2025-03-25T17:24:34","slug":"le-nouveau-e-mucem-ouvre-ses-portes-2","status":"publish","type":"page","link":"http:\/\/troisdeuxun.fr\/","title":{"rendered":"Podcasts de Julien Cernobori"},"content":{"rendered":"\n<div class=\"wp-block-group is-nowrap is-layout-flex wp-container-core-group-is-layout-ad2f72ca wp-block-group-is-layout-flex\">\n<p>R\u00e9alisateur et reporter, anthropologue de formation, Julien Cernobori a \u0153uvr\u00e9 \u00e0 Radio France pendant une quinzaine d\u2019ann\u00e9es o\u00f9 il a con\u00e7u, r\u00e9alis\u00e9 et pr\u00e9sent\u00e9 de nombreux programmes originaux. D\u2019abord assistant \u00e0 la r\u00e9alisation du magazine Interception sur France Inter, monteur des Portraits sensibles de Kriss, puis reporter pour l\u2019Humeur vagabonde de Kathleen Evin, il a notamment co-cr\u00e9\u00e9 l\u2019\u00e9mission Village People puis son adaptation t\u00e9l\u00e9vis\u00e9e En campagne sur France 5. Passionn\u00e9 par l\u2019art de raconter les histoires, il aime recueillir les destins anonymes, \u00eatre t\u00e9moin du quotidien des gens, provoquer une rencontre avec l\u2019auditeur par le montage m\u00e9ticuleux des s\u00e9quences. Apr\u00e8s avoir produit le Baladeur pour France Inter et France Musique, il a particip\u00e9 \u00e0 la fondation de Binge Audio o\u00f9 il a cr\u00e9\u00e9 de nombreux podcasts dont Superh\u00e9ros, Rives de Seine et le Centre du monde. Il est aujourd\u2019hui auteur et producteur ind\u00e9pendant.<\/p>\n<\/div>\n\n\n\n<div class=\"wp-block-group alignwide\"><div class=\"wp-block-group__inner-container is-layout-flow wp-block-group-is-layout-flow\"><\/div><\/div>\n\n\n\n<div class=\"wp-block-columns alignwide is-layout-flex wp-container-core-columns-is-layout-9d6595d7 wp-block-columns-is-layout-flex\">\n<div class=\"wp-block-column is-layout-flow wp-block-column-is-layout-flow\">\n<div class=\"wp-block-group\"><div class=\"wp-block-group__inner-container is-layout-flow wp-block-group-is-layout-flow\">\n<figure class=\"wp-block-image alignfull size-full\"><a href=\"http:\/\/troisdeuxun.fr\/?page_id=68\"><img loading=\"lazy\" decoding=\"async\" width=\"500\" height=\"500\" src=\"http:\/\/troisdeuxun.fr\/wp-content\/uploads\/2025\/03\/CERNO-500.jpg\" alt=\"\" class=\"wp-image-9\" srcset=\"http:\/\/troisdeuxun.fr\/wp-content\/uploads\/2025\/03\/CERNO-500.jpg 500w, http:\/\/troisdeuxun.fr\/wp-content\/uploads\/2025\/03\/CERNO-500-300x300.jpg 300w, http:\/\/troisdeuxun.fr\/wp-content\/uploads\/2025\/03\/CERNO-500-150x150.jpg 150w\" sizes=\"auto, (max-width: 500px) 100vw, 500px\" \/><\/a><\/figure>\n\n\n\n<h3 class=\"wp-block-heading\"><\/h3>\n<\/div><\/div>\n<\/div>\n\n\n\n<div class=\"wp-block-column is-layout-flow wp-block-column-is-layout-flow\">\n<div class=\"wp-block-group\"><div class=\"wp-block-group__inner-container is-layout-flow wp-block-group-is-layout-flow\">\n<figure class=\"wp-block-image alignfull size-full\"><a href=\"http:\/\/troisdeuxun.fr\/?page_id=75\"><img loading=\"lazy\" decoding=\"async\" width=\"1400\" height=\"1400\" src=\"http:\/\/troisdeuxun.fr\/wp-content\/uploads\/2025\/03\/\u2022-LOGO-1400.jpg\" alt=\"\" class=\"wp-image-62\" srcset=\"http:\/\/troisdeuxun.fr\/wp-content\/uploads\/2025\/03\/\u2022-LOGO-1400.jpg 1400w, http:\/\/troisdeuxun.fr\/wp-content\/uploads\/2025\/03\/\u2022-LOGO-1400-300x300.jpg 300w, http:\/\/troisdeuxun.fr\/wp-content\/uploads\/2025\/03\/\u2022-LOGO-1400-1024x1024.jpg 1024w, http:\/\/troisdeuxun.fr\/wp-content\/uploads\/2025\/03\/\u2022-LOGO-1400-150x150.jpg 150w, http:\/\/troisdeuxun.fr\/wp-content\/uploads\/2025\/03\/\u2022-LOGO-1400-768x768.jpg 768w, http:\/\/troisdeuxun.fr\/wp-content\/uploads\/2025\/03\/\u2022-LOGO-1400-410x410.jpg 410w\" sizes=\"auto, (max-width: 1400px) 100vw, 1400px\" \/><\/a><\/figure>\n\n\n\n<h3 class=\"wp-block-heading\"><\/h3>\n<\/div><\/div>\n<\/div>\n<\/div>\n\n\n\n<p><\/p>\n\n\n\n<div class=\"wp-block-group alignwide has-background\" style=\"background-color:#ffffff\"><div class=\"wp-block-group__inner-container is-layout-flow wp-block-group-is-layout-flow\">\n<div class=\"wp-block-group\"><div class=\"wp-block-group__inner-container is-layout-flow wp-block-group-is-layout-flow\">\n<h2 class=\"wp-block-heading has-text-align-center\">Devenez contributeur.ice !<\/h2>\n\n\n\n<div class=\"wp-block-button aligncenter\"><a class=\"wp-block-button__link wp-element-button\" href=\"https:\/\/www.patreon.com\/c\/CERNO\">Rejoignez le Patreon<\/a><\/div>\n<\/div><\/div>\n<\/div><\/div>\n\n\n\n<p><\/p>\n\n\n","protected":false},"excerpt":{"rendered":"<p>R\u00e9alisateur et reporter, anthropologue de formation, Julien Cernobori a \u0153uvr\u00e9 \u00e0 Radio France pendant une quinzaine d\u2019ann\u00e9es o\u00f9 il a con\u00e7u, r\u00e9alis\u00e9 et pr\u00e9sent\u00e9 de nombreux programmes originaux. D\u2019abord assistant [&hellip;]<\/p>\n","protected":false},"author":1,"featured_media":20,"parent":0,"menu_order":0,"comment_status":"closed","ping_status":"closed","template":"","meta":{"footnotes":""},"class_list":["post-21","page","type-page","status-publish","has-post-thumbnail","hentry"],"_links":{"self":[{"href":"http:\/\/troisdeuxun.fr\/index.php?rest_route=\/wp\/v2\/pages\/21","targetHints":{"allow":["GET"]}}],"collection":[{"href":"http:\/\/troisdeuxun.fr\/index.php?rest_route=\/wp\/v2\/pages"}],"about":[{"href":"http:\/\/troisdeuxun.fr\/index.php?rest_route=\/wp\/v2\/types\/page"}],"author":[{"embeddable":true,"href":"http:\/\/troisdeuxun.fr\/index.php?rest_route=\/wp\/v2\/users\/1"}],"replies":[{"embeddable":true,"href":"http:\/\/troisdeuxun.fr\/index.php?rest_route=%2Fwp%2Fv2%2Fcomments&post=21"}],"version-history":[{"count":24,"href":"http:\/\/troisdeuxun.fr\/index.php?rest_route=\/wp\/v2\/pages\/21\/revisions"}],"predecessor-version":[{"id":128,"href":"http:\/\/troisdeuxun.fr\/index.php?rest_route=\/wp\/v2\/pages\/21\/revisions\/128"}],"wp:featuredmedia":[{"embeddable":true,"href":"http:\/\/troisdeuxun.fr\/index.php?rest_route=\/wp\/v2\/media\/20"}],"wp:attachment":[{"href":"http:\/\/troisdeuxun.fr\/index.php?rest_route=%2Fwp%2Fv2%2Fmedia&parent=21"}],"curies":[{"name":"wp","href":"https:\/\/api.w.org\/{rel}","templated":true}]}}