{"id":68,"date":"2025-03-25T15:52:52","date_gmt":"2025-03-25T14:52:52","guid":{"rendered":"http:\/\/troisdeuxun.fr\/?page_id=68"},"modified":"2025-03-25T18:53:44","modified_gmt":"2025-03-25T17:53:44","slug":"cerno","status":"publish","type":"page","link":"http:\/\/troisdeuxun.fr\/?page_id=68","title":{"rendered":"CERNO L&#8217;anti-enqu\u00eate"},"content":{"rendered":"\n<figure class=\"wp-block-image size-full is-resized\"><img loading=\"lazy\" decoding=\"async\" width=\"500\" height=\"500\" src=\"http:\/\/troisdeuxun.fr\/wp-content\/uploads\/2025\/03\/CERNO-500.jpg\" alt=\"\" class=\"wp-image-9\" style=\"width:476px;height:auto\" srcset=\"http:\/\/troisdeuxun.fr\/wp-content\/uploads\/2025\/03\/CERNO-500.jpg 500w, http:\/\/troisdeuxun.fr\/wp-content\/uploads\/2025\/03\/CERNO-500-300x300.jpg 300w, http:\/\/troisdeuxun.fr\/wp-content\/uploads\/2025\/03\/CERNO-500-150x150.jpg 150w\" sizes=\"auto, (max-width: 500px) 100vw, 500px\" \/><\/figure>\n\n\n\n<p><strong>D\u00e9couvrez ce podcast culte et addictif !<\/strong><\/p>\n\n\n\n<p>Le reporter Julien Cernobori a d\u00e9couvert qu&#8217;un tueur en s\u00e9rie vivait autrefois dans son immeuble. C&#8217;\u00e9tait Jean-Thierry Mathurin, le complice de Thierry Paulin qui aurait assassin\u00e9 pr\u00e8s d&#8217;une quarantaine de femmes dans les ann\u00e9es 80. Dans ce podcast, Julien part sur les traces des tueurs et de leurs victimes dans une enqu\u00eate effr\u00e9n\u00e9e, sensible et passionnante. Il revient sur chacun des lieux de crimes r\u00e9pertori\u00e9s dans cette affaire pour retrouver des traces des crimes et des victimes, essayer de comprendre ce qu&#8217;il s&#8217;est pass\u00e9. Qui \u00e9taient les victimes ? Ont-elles \u00e9t\u00e9 oubli\u00e9es ? Pourquoi ont-elles \u00e9t\u00e9 tu\u00e9es ?&nbsp;<\/p>\n\n\n\n<p>Cette affaire vous conduira dans les rues de Paris, &nbsp;en Martinique sur les traces de la famille du tueur, aux quatre coins de la France pour rencontrer les protagonistes de l\u2019affaire, un commissaire \u00e0 la retraite, un pr\u00eatre roumain, Christophe Hondelatte, des commer\u00e7ants du 18e arrondissement, des voisins des victimes et bien d&#8217;autres personnages encore&#8230;. Nous sommes tous li\u00e9s \u00e0 cette affaire criminelle.<\/p>\n\n\n\n<p><strong>[Il faut absolument commencer l&#8217;\u00e9coute de ce podcast \u00e0 partir du prologue !]<\/strong><\/p>\n\n\n\n<p>Musique originale&nbsp;: Th\u00e9o Boulenger<\/p>\n\n\n\n<p>Reportage, montage et mixage : Julien Cernobori<\/p>\n\n\n\n<p><\/p>\n\n\n\n<div class=\"wp-block-group\"><div class=\"wp-block-group__inner-container is-layout-constrained wp-block-group-is-layout-constrained\"><\/div><\/div>\n\n\n\n\n\n<iframe loading=\"lazy\" \n    style=\"margin: auto; min-width: 320px; border: 0;\" \n    src=\"https:\/\/player.audiomeans.fr\/player-v2\/cerno-l-anti-enquete-79f77ecc879f\/episodes\/0634220b-eb88-403d-b477-e0267a7e0dcd?mp=1&#038;leadin=1&#038;download=0&#038;std=0&#038;vert=0&#038;playlist=1&#038;color=7d7d7d&#038;theme=dark\" \n    width=\"80%\"\n    height=\"480px\"\n    allow=\"autoplay\">\n<\/iframe>\n\n\n\n<p><\/p>\n","protected":false},"excerpt":{"rendered":"<p>D\u00e9couvrez ce podcast culte et addictif ! Le reporter Julien Cernobori a d\u00e9couvert qu&#8217;un tueur en s\u00e9rie vivait autrefois dans son immeuble. C&#8217;\u00e9tait Jean-Thierry Mathurin, le complice de Thierry Paulin [&hellip;]<\/p>\n","protected":false},"author":1,"featured_media":0,"parent":0,"menu_order":0,"comment_status":"closed","ping_status":"closed","template":"","meta":{"footnotes":""},"class_list":["post-68","page","type-page","status-publish","hentry"],"_links":{"self":[{"href":"http:\/\/troisdeuxun.fr\/index.php?rest_route=\/wp\/v2\/pages\/68","targetHints":{"allow":["GET"]}}],"collection":[{"href":"http:\/\/troisdeuxun.fr\/index.php?rest_route=\/wp\/v2\/pages"}],"about":[{"href":"http:\/\/troisdeuxun.fr\/index.php?rest_route=\/wp\/v2\/types\/page"}],"author":[{"embeddable":true,"href":"http:\/\/troisdeuxun.fr\/index.php?rest_route=\/wp\/v2\/users\/1"}],"replies":[{"embeddable":true,"href":"http:\/\/troisdeuxun.fr\/index.php?rest_route=%2Fwp%2Fv2%2Fcomments&post=68"}],"version-history":[{"count":16,"href":"http:\/\/troisdeuxun.fr\/index.php?rest_route=\/wp\/v2\/pages\/68\/revisions"}],"predecessor-version":[{"id":129,"href":"http:\/\/troisdeuxun.fr\/index.php?rest_route=\/wp\/v2\/pages\/68\/revisions\/129"}],"wp:attachment":[{"href":"http:\/\/troisdeuxun.fr\/index.php?rest_route=%2Fwp%2Fv2%2Fmedia&parent=68"}],"curies":[{"name":"wp","href":"https:\/\/api.w.org\/{rel}","templated":true}]}}